{"id":198,"date":"2025-01-24T09:24:28","date_gmt":"2025-01-24T08:24:28","guid":{"rendered":"https:\/\/www.start-klar.net\/?page_id=198"},"modified":"2025-11-03T09:00:14","modified_gmt":"2025-11-03T08:00:14","slug":"impressum","status":"publish","type":"page","link":"https:\/\/www.start-klar.net\/en\/impressum\/","title":{"rendered":"Impressum"},"content":{"rendered":"\n<h3 class=\"wp-block-heading\">Impressum<\/h3>\n\n\n\n<p><strong>Regionalverkehre Start Deutschland GmbH<br><\/strong>Europa-Allee 70-76<br>60486 Frankfurt a. M.<br>T: &nbsp;<strong>06174 99 88 522<\/strong>&nbsp;<br>E: <a href=\"mailto:kontakt@start-taunus.com\"><\/a><a href=\"mailto:kontakt@start-taunus.com\">kontakt@start-taunus.com<\/a><\/p>\n\n\n\n<p>Vertreten durch Andreas Best und Janina Moritz<br>USt-ID:DE311357776 | Register und Registernummer: Registergericht Frankfurt am Main; HRB 120941<\/p>\n\n\n\n<p><strong>Aufsichtsbeh\u00f6rde<\/strong><br>Eisenbahn-Bundesamt<br>Heinemannstra\u00dfe 6<br>53175 Bonn<\/p>\n\n\n\n<p><strong>Schlichtungsverfahren<\/strong><br>Wir beteiligen uns am Schlichtungsverfahren der Schlichtungsstelle f\u00fcr den \u00f6ffentlichen Personenverkehr (s\u00f6p).<br>Wenn sie mit unserer Bearbeitung ihres Anliegens nicht zufrieden sind, k\u00f6nnen sie bei der unabh\u00e4ngigen Schlichtungsstelle s\u00f6p einen Schlichtungsantrag stellen<br>(s\u00f6p, Fasanenstra\u00dfe 81, 10623 Berlin, <a href=\"http:\/\/www.soep-berlin.de\" target=\"_blank\" rel=\"noreferrer noopener\">www.soep-berlin.de<\/a>).<\/p>\n","protected":false},"excerpt":{"rendered":"<p>Impressum Regionalverkehre Start Deutschland GmbHEuropa-Allee 70-7660486 Frankfurt a. M.T: &nbsp;06174 99 88 522&nbsp;E: kontakt@start-taunus.com Vertreten durch Andreas Best und Janina MoritzUSt-ID:DE311357776 | Register und Registernummer: Registergericht Frankfurt am Main; HRB 120941 Aufsichtsbeh\u00f6rdeEisenbahn-BundesamtHeinemannstra\u00dfe 653175 Bonn SchlichtungsverfahrenWir beteiligen uns am Schlichtungsverfahren der Schlichtungsstelle f\u00fcr den \u00f6ffentlichen Personenverkehr (s\u00f6p).Wenn sie mit unserer Bearbeitung ihres Anliegens nicht zufrieden sind, [&hellip;]<\/p>\n","protected":false},"author":1,"featured_media":0,"parent":0,"menu_order":98,"comment_status":"closed","ping_status":"closed","template":"","meta":{"footnotes":""},"class_list":["post-198","page","type-page","status-publish","hentry"],"_links":{"self":[{"href":"https:\/\/www.start-klar.net\/en\/wp-json\/wp\/v2\/pages\/198","targetHints":{"allow":["GET"]}}],"collection":[{"href":"https:\/\/www.start-klar.net\/en\/wp-json\/wp\/v2\/pages"}],"about":[{"href":"https:\/\/www.start-klar.net\/en\/wp-json\/wp\/v2\/types\/page"}],"author":[{"embeddable":true,"href":"https:\/\/www.start-klar.net\/en\/wp-json\/wp\/v2\/users\/1"}],"replies":[{"embeddable":true,"href":"https:\/\/www.start-klar.net\/en\/wp-json\/wp\/v2\/comments?post=198"}],"version-history":[{"count":7,"href":"https:\/\/www.start-klar.net\/en\/wp-json\/wp\/v2\/pages\/198\/revisions"}],"predecessor-version":[{"id":1235,"href":"https:\/\/www.start-klar.net\/en\/wp-json\/wp\/v2\/pages\/198\/revisions\/1235"}],"wp:attachment":[{"href":"https:\/\/www.start-klar.net\/en\/wp-json\/wp\/v2\/media?parent=198"}],"curies":[{"name":"wp","href":"https:\/\/api.w.org\/{rel}","templated":true}]}}