{"id":845,"date":"2025-04-09T14:44:36","date_gmt":"2025-04-09T12:44:36","guid":{"rendered":"https:\/\/www.start-klar.net\/?page_id=845"},"modified":"2025-05-08T10:30:07","modified_gmt":"2025-05-08T08:30:07","slug":"ueberzahlung","status":"publish","type":"page","link":"https:\/\/www.start-klar.net\/en\/taunusnetz\/ueberzahlung\/","title":{"rendered":"Access Assistance"},"content":{"rendered":"\n<h3 class=\"wp-block-heading\">We help you get in and\/or out of the train<\/h3>\n\n\n\n<p>Do you need help getting on and\/or off the train?<br>Simply complete this application form in full and send it off. We are happy to assist you with all matters relating to boarding and alighting our trains. Of course, our colleagues in and around the trains will always help with boarding and alighting if required. However, prior notification helps us to prepare even better for our passengers with reduced mobility and to optimize our operating procedures accordingly.<br>Please note that the maximum load capacity of the boarding aids on the platform is 350 kg.<\/p>\n\n\n\n<p>The fields marked with * are mandatory.<\/p>\n\n\n\n<p>Please note that these forms are only availiable in German.<\/p>\n\n\n\n<div class=\"wp-block-contact-form-7-contact-form-selector\">\n<div class=\"wpcf7 no-js\" id=\"wpcf7-f184-o1\" lang=\"de-DE\" dir=\"ltr\" data-wpcf7-id=\"184\">\n<div class=\"screen-reader-response\"><p role=\"status\" aria-live=\"polite\" aria-atomic=\"true\"><\/p> <ul><\/ul><\/div>\n<form action=\"\/en\/wp-json\/wp\/v2\/pages\/845#wpcf7-f184-o1\" method=\"post\" class=\"wpcf7-form init\" aria-label=\"Kontaktformular\" novalidate=\"novalidate\" data-status=\"init\">\n<fieldset class=\"hidden-fields-container\"><input type=\"hidden\" name=\"_wpcf7\" value=\"184\" \/><input type=\"hidden\" name=\"_wpcf7_version\" value=\"6.1.5\" \/><input type=\"hidden\" name=\"_wpcf7_locale\" value=\"de_DE_formal\" \/><input type=\"hidden\" name=\"_wpcf7_unit_tag\" value=\"wpcf7-f184-o1\" \/><input type=\"hidden\" name=\"_wpcf7_container_post\" value=\"0\" \/><input type=\"hidden\" name=\"_wpcf7_posted_data_hash\" value=\"\" \/><input type=\"hidden\" name=\"lang\" value=\"en\" \/>\n<\/fieldset>\n<span class=\"wpcf7-form-control-wrap\" data-name=\"radio-434\"><span class=\"wpcf7-form-control wpcf7-radio\"><span class=\"wpcf7-list-item first\"><label><input type=\"radio\" name=\"radio-434\" value=\"Herr\" \/><span class=\"wpcf7-list-item-label\">Herr<\/span><\/label><\/span><span class=\"wpcf7-list-item\"><label><input type=\"radio\" name=\"radio-434\" value=\"Frau\" \/><span class=\"wpcf7-list-item-label\">Frau<\/span><\/label><\/span><span class=\"wpcf7-list-item\"><label><input type=\"radio\" name=\"radio-434\" value=\"non-bin\u00e4r\/Divers\" \/><span class=\"wpcf7-list-item-label\">non-bin\u00e4r\/Divers<\/span><\/label><\/span><span class=\"wpcf7-list-item last\"><label><input type=\"radio\" name=\"radio-434\" value=\"keine Angabe\" \/><span class=\"wpcf7-list-item-label\">keine Angabe<\/span><\/label><\/span><\/span><\/span>\n\n<div class=\"kontaktformular-layout-start\">\n<label> \n    <span class=\"wpcf7-form-control-wrap\" data-name=\"your-firstname\"><input size=\"40\" maxlength=\"400\" class=\"wpcf7-form-control wpcf7-text wpcf7-validates-as-required\" autocomplete=\"name\" aria-required=\"true\" aria-invalid=\"false\" placeholder=\"Vorname*\" value=\"\" type=\"text\" name=\"your-firstname\" \/><\/span> <\/label>\n\n<label> \n    <span class=\"wpcf7-form-control-wrap\" data-name=\"your-lastname\"><input size=\"40\" maxlength=\"400\" class=\"wpcf7-form-control wpcf7-text wpcf7-validates-as-required\" autocomplete=\"name\" aria-required=\"true\" aria-invalid=\"false\" placeholder=\"Nachname*\" value=\"\" type=\"text\" name=\"your-lastname\" \/><\/span> <\/label>\n<\/div>\n<label> \n    <span class=\"wpcf7-form-control-wrap\" data-name=\"your-email\"><input size=\"40\" maxlength=\"400\" class=\"wpcf7-form-control wpcf7-email wpcf7-validates-as-required wpcf7-text wpcf7-validates-as-email\" autocomplete=\"email\" aria-required=\"true\" aria-invalid=\"false\" placeholder=\"E-Mail*\" value=\"\" type=\"email\" name=\"your-email\" \/><\/span> <\/label>\n\n<label> \n    <span class=\"wpcf7-form-control-wrap\" data-name=\"your-number\"><input size=\"40\" maxlength=\"400\" class=\"wpcf7-form-control wpcf7-text wpcf7-validates-as-required\" autocomplete=\"name\" aria-required=\"true\" aria-invalid=\"false\" placeholder=\"Telefonnummer*\" value=\"\" type=\"text\" name=\"your-number\" \/><\/span> <\/label>\n\n<hr class=\"baustelle-divider\">\n<span><\/span>\n\n<h3 style=\"text-align: center;\">HINFAHRT<\/h3>\n<span class=\"wpcf7-form-control-wrap\" data-name=\"select-983\"><select class=\"wpcf7-form-control wpcf7-select\" aria-invalid=\"false\" name=\"select-983\"><option value=\"\">Linie<\/option><option value=\"RB11\">RB11<\/option><option value=\"RB12\">RB12<\/option><option value=\"RB15\">RB15<\/option><option value=\"RB16\">RB16<\/option><\/select><\/span>\n\n<div class=\"kontaktformular-layout-linien\">\n\n<span class=\"wpcf7-form-control-wrap\" data-name=\"select-309\"><select class=\"wpcf7-form-control wpcf7-select\" aria-invalid=\"false\" name=\"select-309\"><option value=\"\">Station Einstieg<\/option><option value=\"Frankfurt Hauptbahnhof\">Frankfurt Hauptbahnhof<\/option><option value=\"Frankfurt-H\u00f6chst\">Frankfurt-H\u00f6chst<\/option><option value=\"Frankfurt Unterliederbach\">Frankfurt Unterliederbach<\/option><option value=\"Liederbach S\u00fcd\">Liederbach S\u00fcd<\/option><option value=\"Liederbach\">Liederbach<\/option><option value=\"Kelkheim-M\u00fcnster\">Kelkheim-M\u00fcnster<\/option><option value=\"Kelkheim\">Kelkheim<\/option><option value=\"Kelkheim-Hornau\">Kelkheim-Hornau<\/option><option value=\"Schneidhain\">Schneidhain<\/option><option value=\"K\u00f6nigstein (Taunus)\">K\u00f6nigstein (Taunus)<\/option><option value=\"Frankfurt-R\u00f6delheim\">Frankfurt-R\u00f6delheim<\/option><option value=\"Oberursel (Taunus)\">Oberursel (Taunus)<\/option><option value=\"Bad Homburg\">Bad Homburg<\/option><option value=\"Seulberg\">Seulberg<\/option><option value=\"Friedrichsdorf (Taunus)\">Friedrichsdorf (Taunus)<\/option><option value=\"K\u00f6ppern\">K\u00f6ppern<\/option><option value=\"Saalburg (Taunus)\">Saalburg (Taunus)<\/option><option value=\"Wehrheim\">Wehrheim<\/option><option value=\"Neu-Anspach\">Neu-Anspach<\/option><option value=\"Hausen (Taunus)\">Hausen (Taunus)<\/option><option value=\"Usingen\">Usingen<\/option><option value=\"Wilhelmsdorf (Taunus)\">Wilhelmsdorf (Taunus)<\/option><option value=\"Hundstadt\">Hundstadt<\/option><option value=\"Gr\u00e4venwiesbach\">Gr\u00e4venwiesbach<\/option><option value=\"Hasselborn\">Hasselborn<\/option><option value=\"Brandoberndorf\">Brandoberndorf<\/option><option value=\"Bad Soden\">Bad Soden<\/option><option value=\"Suzbach\">Suzbach<\/option><option value=\"Sossenheim\">Sossenheim<\/option><option value=\"Burgholzhausen\">Burgholzhausen<\/option><option value=\"Rodheim\">Rodheim<\/option><option value=\"Rosbach\">Rosbach<\/option><option value=\"Friedberg S\u00fcd\">Friedberg S\u00fcd<\/option><option value=\"Friedberg\">Friedberg<\/option><\/select><\/span>\n\n<span class=\"wpcf7-form-control-wrap\" data-name=\"select-539\"><select class=\"wpcf7-form-control wpcf7-select\" aria-invalid=\"false\" name=\"select-539\"><option value=\"\">Station Ausstieg<\/option><option value=\"Frankfurt Hauptbahnhof\">Frankfurt Hauptbahnhof<\/option><option value=\"Frankfurt-H\u00f6chst\">Frankfurt-H\u00f6chst<\/option><option value=\"Frankfurt Unterliederbach\">Frankfurt Unterliederbach<\/option><option value=\"Liederbach S\u00fcd\">Liederbach S\u00fcd<\/option><option value=\"Liederbach\">Liederbach<\/option><option value=\"Kelkheim-M\u00fcnster\">Kelkheim-M\u00fcnster<\/option><option value=\"Kelkheim\">Kelkheim<\/option><option value=\"Kelkheim-Hornau\">Kelkheim-Hornau<\/option><option value=\"Schneidhain\">Schneidhain<\/option><option value=\"K\u00f6nigstein (Taunus)\">K\u00f6nigstein (Taunus)<\/option><option value=\"Frankfurt-R\u00f6delheim\">Frankfurt-R\u00f6delheim<\/option><option value=\"Oberursel (Taunus)\">Oberursel (Taunus)<\/option><option value=\"Bad Homburg\">Bad Homburg<\/option><option value=\"Seulberg\">Seulberg<\/option><option value=\"Friedrichsdorf (Taunus)\">Friedrichsdorf (Taunus)<\/option><option value=\"K\u00f6ppern\">K\u00f6ppern<\/option><option value=\"Saalburg (Taunus)\">Saalburg (Taunus)<\/option><option value=\"Wehrheim\">Wehrheim<\/option><option value=\"Neu-Anspach\">Neu-Anspach<\/option><option value=\"Hausen (Taunus)\">Hausen (Taunus)<\/option><option value=\"Usingen\">Usingen<\/option><option value=\"Wilhelmsdorf (Taunus)\">Wilhelmsdorf (Taunus)<\/option><option value=\"Hundstadt\">Hundstadt<\/option><option value=\"Gr\u00e4venwiesbach\">Gr\u00e4venwiesbach<\/option><option value=\"Hasselborn\">Hasselborn<\/option><option value=\"Brandoberndorf\">Brandoberndorf<\/option><option value=\"Bad Soden\">Bad Soden<\/option><option value=\"Suzbach\">Suzbach<\/option><option value=\"Sossenheim\">Sossenheim<\/option><option value=\"Burgholzhausen\">Burgholzhausen<\/option><option value=\"Rodheim\">Rodheim<\/option><option value=\"Rosbach\">Rosbach<\/option><option value=\"Friedberg S\u00fcd\">Friedberg S\u00fcd<\/option><option value=\"Friedberg\">Friedberg<\/option><\/select><\/span>\n\n<span class=\"wpcf7-form-control-wrap\" data-name=\"date-204\"><input class=\"wpcf7-form-control wpcf7-date wpcf7-validates-as-required wpcf7-validates-as-date\" aria-required=\"true\" aria-invalid=\"false\" value=\"\" type=\"date\" name=\"date-204\" \/><\/span>\n<span class=\"wpcf7-form-control-wrap\" data-name=\"date-532\"><input class=\"wpcf7-form-control wpcf7-date wpcf7-validates-as-required wpcf7-validates-as-date\" aria-required=\"true\" aria-invalid=\"false\" value=\"\" type=\"date\" name=\"date-532\" \/><\/span>\n\n<span class=\"wpcf7-form-control-wrap\" data-name=\"time-131\"><input class=\"wpcf7-form-control wpcf7-time wpcf7-validates-as-required wpcf7-validates-as-time\" aria-required=\"true\" aria-invalid=\"false\" value=\"\" type=\"time\" name=\"time-131\" \/><\/span>\n<span class=\"wpcf7-form-control-wrap\" data-name=\"time-82\"><input class=\"wpcf7-form-control wpcf7-time wpcf7-validates-as-required wpcf7-validates-as-time\" aria-required=\"true\" aria-invalid=\"false\" value=\"\" type=\"time\" name=\"time-82\" \/><\/span>\n\n<\/div>\n\n<hr class=\"baustelle-divider\">\n<h3 style=\"text-align: center;\">R\u00dcCKFAHRT (optional)<\/h3>\n\n<span class=\"wpcf7-form-control-wrap\" data-name=\"select-914\"><select class=\"wpcf7-form-control wpcf7-select\" aria-invalid=\"false\" name=\"select-914\"><option value=\"\">Linie<\/option><option value=\"RB11\">RB11<\/option><option value=\"RB12\">RB12<\/option><option value=\"RB15\">RB15<\/option><option value=\"RB16\">RB16<\/option><\/select><\/span>\n\n<div class=\"kontaktformular-layout-linien\">\n\n<span class=\"wpcf7-form-control-wrap\" data-name=\"select-416\"><select class=\"wpcf7-form-control wpcf7-select\" aria-invalid=\"false\" name=\"select-416\"><option value=\"\">Station Einstieg<\/option><option value=\"Frankfurt Hauptbahnhof\">Frankfurt Hauptbahnhof<\/option><option value=\"Frankfurt-H\u00f6chst\">Frankfurt-H\u00f6chst<\/option><option value=\"Frankfurt Unterliederbach\">Frankfurt Unterliederbach<\/option><option value=\"Liederbach S\u00fcd\">Liederbach S\u00fcd<\/option><option value=\"Liederbach\">Liederbach<\/option><option value=\"Kelkheim-M\u00fcnster\">Kelkheim-M\u00fcnster<\/option><option value=\"Kelkheim\">Kelkheim<\/option><option value=\"Kelkheim-Hornau\">Kelkheim-Hornau<\/option><option value=\"Schneidhain\">Schneidhain<\/option><option value=\"K\u00f6nigstein (Taunus)\">K\u00f6nigstein (Taunus)<\/option><option value=\"Frankfurt-R\u00f6delheim\">Frankfurt-R\u00f6delheim<\/option><option value=\"Oberursel (Taunus)\">Oberursel (Taunus)<\/option><option value=\"Bad Homburg\">Bad Homburg<\/option><option value=\"Seulberg\">Seulberg<\/option><option value=\"Friedrichsdorf (Taunus)\">Friedrichsdorf (Taunus)<\/option><option value=\"K\u00f6ppern\">K\u00f6ppern<\/option><option value=\"Saalburg (Taunus)\">Saalburg (Taunus)<\/option><option value=\"Wehrheim\">Wehrheim<\/option><option value=\"Neu-Anspach\">Neu-Anspach<\/option><option value=\"Hausen (Taunus)\">Hausen (Taunus)<\/option><option value=\"Usingen\">Usingen<\/option><option value=\"Wilhelmsdorf (Taunus)\">Wilhelmsdorf (Taunus)<\/option><option value=\"Hundstadt\">Hundstadt<\/option><option value=\"Gr\u00e4venwiesbach\">Gr\u00e4venwiesbach<\/option><option value=\"Hasselborn\">Hasselborn<\/option><option value=\"Brandoberndorf\">Brandoberndorf<\/option><option value=\"Bad Soden\">Bad Soden<\/option><option value=\"Suzbach\">Suzbach<\/option><option value=\"Sossenheim\">Sossenheim<\/option><option value=\"Burgholzhausen\">Burgholzhausen<\/option><option value=\"Rodheim\">Rodheim<\/option><option value=\"Rosbach\">Rosbach<\/option><option value=\"Friedberg S\u00fcd\">Friedberg S\u00fcd<\/option><option value=\"Friedberg\">Friedberg<\/option><\/select><\/span>\n\n<span class=\"wpcf7-form-control-wrap\" data-name=\"select-717\"><select class=\"wpcf7-form-control wpcf7-select\" aria-invalid=\"false\" name=\"select-717\"><option value=\"\">Station Ausstieg<\/option><option value=\"Frankfurt Hauptbahnhof\">Frankfurt Hauptbahnhof<\/option><option value=\"Frankfurt-H\u00f6chst\">Frankfurt-H\u00f6chst<\/option><option value=\"Frankfurt Unterliederbach\">Frankfurt Unterliederbach<\/option><option value=\"Liederbach S\u00fcd\">Liederbach S\u00fcd<\/option><option value=\"Liederbach\">Liederbach<\/option><option value=\"Kelkheim-M\u00fcnster\">Kelkheim-M\u00fcnster<\/option><option value=\"Kelkheim\">Kelkheim<\/option><option value=\"Kelkheim-Hornau\">Kelkheim-Hornau<\/option><option value=\"Schneidhain\">Schneidhain<\/option><option value=\"K\u00f6nigstein (Taunus)\">K\u00f6nigstein (Taunus)<\/option><option value=\"Frankfurt-R\u00f6delheim\">Frankfurt-R\u00f6delheim<\/option><option value=\"Oberursel (Taunus)\">Oberursel (Taunus)<\/option><option value=\"Bad Homburg\">Bad Homburg<\/option><option value=\"Seulberg\">Seulberg<\/option><option value=\"Friedrichsdorf (Taunus)\">Friedrichsdorf (Taunus)<\/option><option value=\"K\u00f6ppern\">K\u00f6ppern<\/option><option value=\"Saalburg (Taunus)\">Saalburg (Taunus)<\/option><option value=\"Wehrheim\">Wehrheim<\/option><option value=\"Neu-Anspach\">Neu-Anspach<\/option><option value=\"Hausen (Taunus)\">Hausen (Taunus)<\/option><option value=\"Usingen\">Usingen<\/option><option value=\"Wilhelmsdorf (Taunus)\">Wilhelmsdorf (Taunus)<\/option><option value=\"Hundstadt\">Hundstadt<\/option><option value=\"Gr\u00e4venwiesbach\">Gr\u00e4venwiesbach<\/option><option value=\"Hasselborn\">Hasselborn<\/option><option value=\"Brandoberndorf\">Brandoberndorf<\/option><option value=\"Bad Soden\">Bad Soden<\/option><option value=\"Suzbach\">Suzbach<\/option><option value=\"Sossenheim\">Sossenheim<\/option><option value=\"Burgholzhausen\">Burgholzhausen<\/option><option value=\"Rodheim\">Rodheim<\/option><option value=\"Rosbach\">Rosbach<\/option><option value=\"Friedberg S\u00fcd\">Friedberg S\u00fcd<\/option><option value=\"Friedberg\">Friedberg<\/option><\/select><\/span>\n\n<span class=\"wpcf7-form-control-wrap\" data-name=\"date-731\"><input class=\"wpcf7-form-control wpcf7-date wpcf7-validates-as-date\" aria-invalid=\"false\" value=\"\" type=\"date\" name=\"date-731\" \/><\/span>\n<span class=\"wpcf7-form-control-wrap\" data-name=\"date-746\"><input class=\"wpcf7-form-control wpcf7-date wpcf7-validates-as-date\" aria-invalid=\"false\" value=\"\" type=\"date\" name=\"date-746\" \/><\/span>\n\n<span class=\"wpcf7-form-control-wrap\" data-name=\"time-481\"><input class=\"wpcf7-form-control wpcf7-time wpcf7-validates-as-time\" aria-invalid=\"false\" value=\"\" type=\"time\" name=\"time-481\" \/><\/span>\n<span class=\"wpcf7-form-control-wrap\" data-name=\"time-170\"><input class=\"wpcf7-form-control wpcf7-time wpcf7-validates-as-time\" aria-invalid=\"false\" value=\"\" type=\"time\" name=\"time-170\" \/><\/span>\n\n\n<\/div>\n\n<hr class=\"baustelle-divider\">\n\n<h3 style=\"text-align: center;\">WEITERE INFORMATIONEN<\/h3>\n\n<label> \n    Anzahl mobilit\u00e4tseingeschr\u00e4nkter Personen* <\/label>\n<span class=\"wpcf7-form-control-wrap\" data-name=\"number-382\"><input class=\"wpcf7-form-control wpcf7-number wpcf7-validates-as-number\" min=\"0\" max=\"10\" aria-invalid=\"false\" value=\"0\" type=\"number\" name=\"number-382\" \/><\/span>\n\n<label> \n   Art der Mobilit\u00e4tseinschr\u00e4nkung * <\/label>\n\n<label> \n    <span class=\"wpcf7-form-control-wrap\" data-name=\"your-message\"><textarea cols=\"40\" rows=\"10\" maxlength=\"2000\" class=\"wpcf7-form-control wpcf7-textarea wpcf7-validates-as-required\" aria-required=\"true\" aria-invalid=\"false\" placeholder=\"bitte angeben*\" name=\"your-message\"><\/textarea><\/span> <\/label>\n<span class=\"wpcf7-form-control-wrap\" data-name=\"acceptance-351\"><span class=\"wpcf7-form-control wpcf7-acceptance\"><span class=\"wpcf7-list-item\"><label><input type=\"checkbox\" name=\"acceptance-351\" value=\"1\" aria-invalid=\"false\" \/><span class=\"wpcf7-list-item-label\"><div class=\"datenschutzhinweis\">Mit dem Klick auf Absenden best\u00e4tige ich die Richtigkeit meiner Angaben und akzeptiere die <a href=\"\/datenschutz\/\">Datenschutzbestimmungen<\/a> .*<\/div><\/span><\/label><\/span><\/span><\/span>\n\n<div class=\"kontaktpadding\">\n\n\n<span class=\"wpcf7-form-control-wrap\" data-name=\"cf7ic-438\"><span class=\"wpcf7-form-control wpcf7-cf7ic wpcf7-validates-as-required\" aria-invalid=\"false\" name=\"cf7ic-438\"><span class=\"captcha-image\"><span class=\"choices\"><label><input type=\"radio\" name=\"cf7ic-438\" value=\"a2NfaHVtYW4=\" aria-label=\"Icon Lupe\" \/><i aria-hidden=\"true\" class=\"icon-lupe\"><\/i><\/label><label><input type=\"radio\" name=\"cf7ic-438\" value=\"a2NfZGFuY2VyMQ==\" aria-label=\"Icon Sonne\" \/><i aria-hidden=\"true\" class=\"icon-sonne\"><\/i><\/label><label><input type=\"radio\" name=\"cf7ic-438\" value=\"a2NfZGFuY2VyMg==\" aria-label=\"Icon Mond\" \/><i aria-hidden=\"true\" class=\"icon-mond\"><\/i><\/label><label><input type=\"radio\" name=\"cf7ic-438\" value=\"a2NfZGFuY2VyMw==\" aria-label=\"Icon Stern\" \/><i aria-hidden=\"true\" class=\"icon-stern\"><\/i><\/label>\n    <\/span><\/span>\n    <span style=\"display:none\">\n        <input type=\"text\" aria-label=\"Bitte nicht ausf\u00fcllen\" name=\"a2NfaG9uZXlwb3Q=\">\n    <\/span><span class=\"cf7ic_instructions\">Are you human? Then please click Lupe.<\/span><\/span><\/span>\n\n<span>\n<input class=\"wpcf7-form-control wpcf7-submit has-spinner\" type=\"submit\" value=\"Formular senden\" \/>\n<\/div><\/span>\n\n<span>\n<p class=\"pflichtfeld\">*Pflichtfeld<\/>\n<\/span>\n\n<p>Pl\u00e4ne k\u00f6nnen sich \u00e4ndern. Sollte eine bereits bestellte Einstiegshilfe nicht ben\u00f6tigt werden, bitte das Formular erneut mit dem Hinweis auf den \u201eStornierungswunsch\u201c ausf\u00fcllen. Vielen Dank.<\/p><div class=\"wpcf7-response-output\" aria-hidden=\"true\"><\/div>\n<\/form>\n<\/div>\n<\/div>\n","protected":false},"excerpt":{"rendered":"<p>We help you get in and\/or out of the train Do you need help getting on and\/or off the train?Simply complete this application form in full and send it off. We are happy to assist you with all matters relating to boarding and alighting our trains. Of course, our colleagues in and around the trains [&hellip;]<\/p>\n","protected":false},"author":2,"featured_media":857,"parent":110,"menu_order":22,"comment_status":"closed","ping_status":"closed","template":"template-taunus.php","meta":{"footnotes":""},"class_list":["post-845","page","type-page","status-publish","has-post-thumbnail","hentry"],"_links":{"self":[{"href":"https:\/\/www.start-klar.net\/en\/wp-json\/wp\/v2\/pages\/845","targetHints":{"allow":["GET"]}}],"collection":[{"href":"https:\/\/www.start-klar.net\/en\/wp-json\/wp\/v2\/pages"}],"about":[{"href":"https:\/\/www.start-klar.net\/en\/wp-json\/wp\/v2\/types\/page"}],"author":[{"embeddable":true,"href":"https:\/\/www.start-klar.net\/en\/wp-json\/wp\/v2\/users\/2"}],"replies":[{"embeddable":true,"href":"https:\/\/www.start-klar.net\/en\/wp-json\/wp\/v2\/comments?post=845"}],"version-history":[{"count":6,"href":"https:\/\/www.start-klar.net\/en\/wp-json\/wp\/v2\/pages\/845\/revisions"}],"predecessor-version":[{"id":935,"href":"https:\/\/www.start-klar.net\/en\/wp-json\/wp\/v2\/pages\/845\/revisions\/935"}],"up":[{"embeddable":true,"href":"https:\/\/www.start-klar.net\/en\/wp-json\/wp\/v2\/pages\/110"}],"wp:featuredmedia":[{"embeddable":true,"href":"https:\/\/www.start-klar.net\/en\/wp-json\/wp\/v2\/media\/857"}],"wp:attachment":[{"href":"https:\/\/www.start-klar.net\/en\/wp-json\/wp\/v2\/media?parent=845"}],"curies":[{"name":"wp","href":"https:\/\/api.w.org\/{rel}","templated":true}]}}